{"id":9388,"date":"2023-02-04T11:34:34","date_gmt":"2023-02-04T10:34:34","guid":{"rendered":"https:\/\/www.schwandtner.at\/produkt\/bastoncini-di-zucchero-colorati-10-pezzi\/"},"modified":"2023-02-04T11:34:34","modified_gmt":"2023-02-04T10:34:34","slug":"bastoncini-di-zucchero-colorati-10-pezzi","status":"publish","type":"product","link":"https:\/\/www.schwandtner.at\/it\/produkt\/bastoncini-di-zucchero-colorati-10-pezzi\/","title":{"rendered":"Bastoncini di zucchero &#8211; colorati 10 pezzi"},"content":{"rendered":"<p>I bastoncini di zucchero colorati a forma di bastone non fanno solo illuminare gli occhi dei bambini! Il caramello duro e ricurvo, con le sue linee a spirale, a volte pi\u00f9 spesse e a volte pi\u00f9 sottili, nei colori dell&#8217;arcobaleno e al gusto fruttato di fragola, \u00e8 uno dei dolcetti pi\u00f9 popolari e tradizionali del periodo pi\u00f9 intimo dell&#8217;anno.<br \/>\nI bastoncini di zucchero alti circa 17 cm non sono solo un successo di gusto e delizieranno le tue papille gustative, ma sono anche un&#8217;attrazione come dolce decorazione sul tavolo dei regali o come abbellimento delle tue confezioni regalo!<\/p>\n","protected":false},"excerpt":{"rendered":"<p>Contenuto: 10 pezzi \u00e0 12g<\/p>\n","protected":false},"featured_media":8804,"template":"","meta":[],"product_brand":[],"product_cat":[207,190],"product_tag":[],"class_list":{"0":"post-9388","1":"product","2":"type-product","3":"status-publish","4":"has-post-thumbnail","6":"product_cat-edizione-invernale-di-schwandtner","7":"product_cat-lecca-lecca","9":"first","10":"instock","11":"taxable","12":"shipping-taxable","13":"purchasable","14":"product-type-simple"},"yoast_head":"<!-- This site is optimized with the Yoast SEO plugin v27.5 - https:\/\/yoast.com\/product\/yoast-seo-wordpress\/ -->\n<title>Bastoncini di zucchero - colorati 10 pezzi - Dropshop Schwandtner<\/title>\n<meta name=\"description\" content=\"I tradizionali bastoncini di zucchero a forma di bastone da passeggio al gusto fruttato di fragola non incantano solo gli occhi dei bambini! \ud83c\udf85\" \/>\n<meta name=\"robots\" content=\"index, follow, max-snippet:-1, max-image-preview:large, max-video-preview:-1\" \/>\n<link rel=\"canonical\" href=\"https:\/\/www.schwandtner.at\/it\/produkt\/bastoncini-di-zucchero-colorati-10-pezzi\/\" \/>\n<meta property=\"og:locale\" content=\"it_IT\" \/>\n<meta property=\"og:type\" content=\"article\" \/>\n<meta property=\"og:title\" content=\"Bastoncini di zucchero - colorati 10 pezzi - Dropshop Schwandtner\" \/>\n<meta property=\"og:description\" content=\"I tradizionali bastoncini di zucchero a forma di bastone da passeggio al gusto fruttato di fragola non incantano solo gli occhi dei bambini! \ud83c\udf85\" \/>\n<meta property=\"og:url\" content=\"https:\/\/www.schwandtner.at\/it\/produkt\/bastoncini-di-zucchero-colorati-10-pezzi\/\" \/>\n<meta property=\"og:site_name\" content=\"Dropshop Schwandtner\" \/>\n<meta property=\"article:publisher\" content=\"https:\/\/www.facebook.com\/schwandtner.at\/\" \/>\n<meta property=\"og:image\" content=\"https:\/\/www.schwandtner.at\/wp-content\/uploads\/2023\/02\/Zuckerstangen_bunt_10Stk.png\" \/>\n\t<meta property=\"og:image:width\" content=\"600\" \/>\n\t<meta property=\"og:image:height\" content=\"600\" \/>\n\t<meta property=\"og:image:type\" content=\"image\/png\" \/>\n<meta name=\"twitter:card\" content=\"summary_large_image\" \/>\n<script type=\"application\/ld+json\" class=\"yoast-schema-graph\">{\"@context\":\"https:\\\/\\\/schema.org\",\"@graph\":[{\"@type\":\"WebPage\",\"@id\":\"https:\\\/\\\/www.schwandtner.at\\\/it\\\/produkt\\\/bastoncini-di-zucchero-colorati-10-pezzi\\\/\",\"url\":\"https:\\\/\\\/www.schwandtner.at\\\/it\\\/produkt\\\/bastoncini-di-zucchero-colorati-10-pezzi\\\/\",\"name\":\"Bastoncini di zucchero - colorati 10 pezzi - Dropshop Schwandtner\",\"isPartOf\":{\"@id\":\"https:\\\/\\\/www.schwandtner.at\\\/#website\"},\"primaryImageOfPage\":{\"@id\":\"https:\\\/\\\/www.schwandtner.at\\\/it\\\/produkt\\\/bastoncini-di-zucchero-colorati-10-pezzi\\\/#primaryimage\"},\"image\":{\"@id\":\"https:\\\/\\\/www.schwandtner.at\\\/it\\\/produkt\\\/bastoncini-di-zucchero-colorati-10-pezzi\\\/#primaryimage\"},\"thumbnailUrl\":\"https:\\\/\\\/www.schwandtner.at\\\/wp-content\\\/uploads\\\/2023\\\/02\\\/Zuckerstangen_bunt_10Stk.png\",\"datePublished\":\"2023-02-04T10:34:34+00:00\",\"description\":\"I tradizionali bastoncini di zucchero a forma di bastone da passeggio al gusto fruttato di fragola non incantano solo gli occhi dei bambini! \ud83c\udf85\",\"breadcrumb\":{\"@id\":\"https:\\\/\\\/www.schwandtner.at\\\/it\\\/produkt\\\/bastoncini-di-zucchero-colorati-10-pezzi\\\/#breadcrumb\"},\"inLanguage\":\"it-IT\",\"potentialAction\":[{\"@type\":\"ReadAction\",\"target\":[\"https:\\\/\\\/www.schwandtner.at\\\/it\\\/produkt\\\/bastoncini-di-zucchero-colorati-10-pezzi\\\/\"]}]},{\"@type\":\"ImageObject\",\"inLanguage\":\"it-IT\",\"@id\":\"https:\\\/\\\/www.schwandtner.at\\\/it\\\/produkt\\\/bastoncini-di-zucchero-colorati-10-pezzi\\\/#primaryimage\",\"url\":\"https:\\\/\\\/www.schwandtner.at\\\/wp-content\\\/uploads\\\/2023\\\/02\\\/Zuckerstangen_bunt_10Stk.png\",\"contentUrl\":\"https:\\\/\\\/www.schwandtner.at\\\/wp-content\\\/uploads\\\/2023\\\/02\\\/Zuckerstangen_bunt_10Stk.png\",\"width\":600,\"height\":600},{\"@type\":\"BreadcrumbList\",\"@id\":\"https:\\\/\\\/www.schwandtner.at\\\/it\\\/produkt\\\/bastoncini-di-zucchero-colorati-10-pezzi\\\/#breadcrumb\",\"itemListElement\":[{\"@type\":\"ListItem\",\"position\":1,\"name\":\"Startseite\",\"item\":\"https:\\\/\\\/www.schwandtner.at\\\/it\\\/casa\\\/\"},{\"@type\":\"ListItem\",\"position\":2,\"name\":\"Produkte\",\"item\":\"https:\\\/\\\/www.schwandtner.at\\\/shop\\\/\"},{\"@type\":\"ListItem\",\"position\":3,\"name\":\"Bastoncini di zucchero &#8211; colorati 10 pezzi\"}]},{\"@type\":\"WebSite\",\"@id\":\"https:\\\/\\\/www.schwandtner.at\\\/#website\",\"url\":\"https:\\\/\\\/www.schwandtner.at\\\/\",\"name\":\"Dropshop Schwandtner\",\"description\":\"Die Welt der S\u00fc\u00dfigkeiten\",\"publisher\":{\"@id\":\"https:\\\/\\\/www.schwandtner.at\\\/#organization\"},\"potentialAction\":[{\"@type\":\"SearchAction\",\"target\":{\"@type\":\"EntryPoint\",\"urlTemplate\":\"https:\\\/\\\/www.schwandtner.at\\\/?s={search_term_string}\"},\"query-input\":{\"@type\":\"PropertyValueSpecification\",\"valueRequired\":true,\"valueName\":\"search_term_string\"}}],\"inLanguage\":\"it-IT\"},{\"@type\":\"Organization\",\"@id\":\"https:\\\/\\\/www.schwandtner.at\\\/#organization\",\"name\":\"Thomas Schwandtner\",\"url\":\"https:\\\/\\\/www.schwandtner.at\\\/\",\"logo\":{\"@type\":\"ImageObject\",\"inLanguage\":\"it-IT\",\"@id\":\"https:\\\/\\\/www.schwandtner.at\\\/#\\\/schema\\\/logo\\\/image\\\/\",\"url\":\"https:\\\/\\\/www.schwandtner.at\\\/wp-content\\\/uploads\\\/2023\\\/02\\\/cropped-dropshop-schwandtner-candy.png\",\"contentUrl\":\"https:\\\/\\\/www.schwandtner.at\\\/wp-content\\\/uploads\\\/2023\\\/02\\\/cropped-dropshop-schwandtner-candy.png\",\"width\":350,\"height\":408,\"caption\":\"Thomas Schwandtner\"},\"image\":{\"@id\":\"https:\\\/\\\/www.schwandtner.at\\\/#\\\/schema\\\/logo\\\/image\\\/\"},\"sameAs\":[\"https:\\\/\\\/www.facebook.com\\\/schwandtner.at\\\/\"]}]}<\/script>\n<!-- \/ Yoast SEO plugin. -->","yoast_head_json":{"title":"Bastoncini di zucchero - colorati 10 pezzi - Dropshop Schwandtner","description":"I tradizionali bastoncini di zucchero a forma di bastone da passeggio al gusto fruttato di fragola non incantano solo gli occhi dei bambini! \ud83c\udf85","robots":{"index":"index","follow":"follow","max-snippet":"max-snippet:-1","max-image-preview":"max-image-preview:large","max-video-preview":"max-video-preview:-1"},"canonical":"https:\/\/www.schwandtner.at\/it\/produkt\/bastoncini-di-zucchero-colorati-10-pezzi\/","og_locale":"it_IT","og_type":"article","og_title":"Bastoncini di zucchero - colorati 10 pezzi - Dropshop Schwandtner","og_description":"I tradizionali bastoncini di zucchero a forma di bastone da passeggio al gusto fruttato di fragola non incantano solo gli occhi dei bambini! \ud83c\udf85","og_url":"https:\/\/www.schwandtner.at\/it\/produkt\/bastoncini-di-zucchero-colorati-10-pezzi\/","og_site_name":"Dropshop Schwandtner","article_publisher":"https:\/\/www.facebook.com\/schwandtner.at\/","og_image":[{"width":600,"height":600,"url":"https:\/\/www.schwandtner.at\/wp-content\/uploads\/2023\/02\/Zuckerstangen_bunt_10Stk.png","type":"image\/png"}],"twitter_card":"summary_large_image","schema":{"@context":"https:\/\/schema.org","@graph":[{"@type":"WebPage","@id":"https:\/\/www.schwandtner.at\/it\/produkt\/bastoncini-di-zucchero-colorati-10-pezzi\/","url":"https:\/\/www.schwandtner.at\/it\/produkt\/bastoncini-di-zucchero-colorati-10-pezzi\/","name":"Bastoncini di zucchero - colorati 10 pezzi - Dropshop Schwandtner","isPartOf":{"@id":"https:\/\/www.schwandtner.at\/#website"},"primaryImageOfPage":{"@id":"https:\/\/www.schwandtner.at\/it\/produkt\/bastoncini-di-zucchero-colorati-10-pezzi\/#primaryimage"},"image":{"@id":"https:\/\/www.schwandtner.at\/it\/produkt\/bastoncini-di-zucchero-colorati-10-pezzi\/#primaryimage"},"thumbnailUrl":"https:\/\/www.schwandtner.at\/wp-content\/uploads\/2023\/02\/Zuckerstangen_bunt_10Stk.png","datePublished":"2023-02-04T10:34:34+00:00","description":"I tradizionali bastoncini di zucchero a forma di bastone da passeggio al gusto fruttato di fragola non incantano solo gli occhi dei bambini! \ud83c\udf85","breadcrumb":{"@id":"https:\/\/www.schwandtner.at\/it\/produkt\/bastoncini-di-zucchero-colorati-10-pezzi\/#breadcrumb"},"inLanguage":"it-IT","potentialAction":[{"@type":"ReadAction","target":["https:\/\/www.schwandtner.at\/it\/produkt\/bastoncini-di-zucchero-colorati-10-pezzi\/"]}]},{"@type":"ImageObject","inLanguage":"it-IT","@id":"https:\/\/www.schwandtner.at\/it\/produkt\/bastoncini-di-zucchero-colorati-10-pezzi\/#primaryimage","url":"https:\/\/www.schwandtner.at\/wp-content\/uploads\/2023\/02\/Zuckerstangen_bunt_10Stk.png","contentUrl":"https:\/\/www.schwandtner.at\/wp-content\/uploads\/2023\/02\/Zuckerstangen_bunt_10Stk.png","width":600,"height":600},{"@type":"BreadcrumbList","@id":"https:\/\/www.schwandtner.at\/it\/produkt\/bastoncini-di-zucchero-colorati-10-pezzi\/#breadcrumb","itemListElement":[{"@type":"ListItem","position":1,"name":"Startseite","item":"https:\/\/www.schwandtner.at\/it\/casa\/"},{"@type":"ListItem","position":2,"name":"Produkte","item":"https:\/\/www.schwandtner.at\/shop\/"},{"@type":"ListItem","position":3,"name":"Bastoncini di zucchero &#8211; colorati 10 pezzi"}]},{"@type":"WebSite","@id":"https:\/\/www.schwandtner.at\/#website","url":"https:\/\/www.schwandtner.at\/","name":"Dropshop Schwandtner","description":"Die Welt der S\u00fc\u00dfigkeiten","publisher":{"@id":"https:\/\/www.schwandtner.at\/#organization"},"potentialAction":[{"@type":"SearchAction","target":{"@type":"EntryPoint","urlTemplate":"https:\/\/www.schwandtner.at\/?s={search_term_string}"},"query-input":{"@type":"PropertyValueSpecification","valueRequired":true,"valueName":"search_term_string"}}],"inLanguage":"it-IT"},{"@type":"Organization","@id":"https:\/\/www.schwandtner.at\/#organization","name":"Thomas Schwandtner","url":"https:\/\/www.schwandtner.at\/","logo":{"@type":"ImageObject","inLanguage":"it-IT","@id":"https:\/\/www.schwandtner.at\/#\/schema\/logo\/image\/","url":"https:\/\/www.schwandtner.at\/wp-content\/uploads\/2023\/02\/cropped-dropshop-schwandtner-candy.png","contentUrl":"https:\/\/www.schwandtner.at\/wp-content\/uploads\/2023\/02\/cropped-dropshop-schwandtner-candy.png","width":350,"height":408,"caption":"Thomas Schwandtner"},"image":{"@id":"https:\/\/www.schwandtner.at\/#\/schema\/logo\/image\/"},"sameAs":["https:\/\/www.facebook.com\/schwandtner.at\/"]}]}},"jetpack_sharing_enabled":true,"_links":{"self":[{"href":"https:\/\/www.schwandtner.at\/it\/wp-json\/wp\/v2\/product\/9388","targetHints":{"allow":["GET"]}}],"collection":[{"href":"https:\/\/www.schwandtner.at\/it\/wp-json\/wp\/v2\/product"}],"about":[{"href":"https:\/\/www.schwandtner.at\/it\/wp-json\/wp\/v2\/types\/product"}],"version-history":[{"count":0,"href":"https:\/\/www.schwandtner.at\/it\/wp-json\/wp\/v2\/product\/9388\/revisions"}],"wp:featuredmedia":[{"embeddable":true,"href":"https:\/\/www.schwandtner.at\/it\/wp-json\/wp\/v2\/media\/8804"}],"wp:attachment":[{"href":"https:\/\/www.schwandtner.at\/it\/wp-json\/wp\/v2\/media?parent=9388"}],"wp:term":[{"taxonomy":"product_brand","embeddable":true,"href":"https:\/\/www.schwandtner.at\/it\/wp-json\/wp\/v2\/product_brand?post=9388"},{"taxonomy":"product_cat","embeddable":true,"href":"https:\/\/www.schwandtner.at\/it\/wp-json\/wp\/v2\/product_cat?post=9388"},{"taxonomy":"product_tag","embeddable":true,"href":"https:\/\/www.schwandtner.at\/it\/wp-json\/wp\/v2\/product_tag?post=9388"}],"curies":[{"name":"wp","href":"https:\/\/api.w.org\/{rel}","templated":true}]}}